{"id":2150,"date":"2018-04-19T17:59:09","date_gmt":"2018-04-19T15:59:09","guid":{"rendered":"https:\/\/www.les5freres.com\/mentions-legales\/"},"modified":"2019-09-19T09:51:10","modified_gmt":"2019-09-19T07:51:10","slug":"legal-notice","status":"publish","type":"page","link":"https:\/\/www.les5freres.com\/en\/legal-notice\/","title":{"rendered":"LEGAL NOTICE"},"content":{"rendered":"<div class=\"wpb-content-wrapper\"><p>[vc_row][vc_column][vc_column_text]<\/p>\n<div id=\"content\" class=\"content\" role=\"main\">\n<div class=\"vc_row wpb_row vc_row-fluid\">\n<div class=\"wpb_column vc_column_container vc_col-sm-12\">\n<div class=\"vc_column-inner\">\n<div class=\"wpb_wrapper\">\n<div class=\"wpb_text_column wpb_content_element \">\n<div class=\"wpb_wrapper\">\n<div class=\"vc_row wpb_row vc_row-fluid vc_column-gap-25\">\n<div class=\"wpb_column vc_column_container vc_col-sm-12\">\n<div class=\"vc_column-inner \">\n<div class=\"wpb_wrapper\">\n<div class=\"wpb_text_column wpb_content_element \">\n<div class=\"wpb_wrapper\">\n<h2>Qui sommes-nous ?<\/h2>\n<p>L\u2019adresse de notre site Web est : <a href=\"https:\/\/www.les5freres.com\">https:\/\/www.les5freres.com<\/a><\/p>\n<h3>\u00c9diteur<\/h3>\n<p>Le site web est \u00e9dit\u00e9 par Val\u00e9rie Audeoud et Audrey <span class=\"st\">Mattis<\/span><\/p>\n<p>Les 5 Fr\u00e8res<br \/>\n<span class=\"LrzXr\">Rue Nicolas Bazile<br \/>\n73150 Val d\u2019Is\u00e8re<\/span><br \/>\ncontact@les5freres.com<br \/>\n+33 (0)4 79 06 00 03<\/p>\n<h3>H\u00e9bergeur<\/h3>\n<p>Il est h\u00e9berg\u00e9 par :<\/p>\n<p>OVH<br \/>\n2 rue Kellermann<br \/>\n59100 Roubaix \u2014 France.<br \/>\n<a href=\"https:\/\/www.ovh.com\/\" target=\"_blank\" rel=\"noopener noreferrer\">https:\/\/www.ovh.com\/<\/a><\/p>\n<h3>Web design :<\/h3>\n<p><a href=\"https:\/\/www.procomag.ch\" target=\"_blank\" rel=\"noopener noreferrer\">www.procomag.ch<\/a><\/p>\n<h3>Cr\u00e9dits photos :<\/h3>\n<p>Daniel Lafarge<br \/>\nUnsplash<\/p>\n<h3>Collecte d\u2019informations et traitements :<\/h3>\n<p>Ce site peut \u00eatre amen\u00e9 \u00e0 collecter des informations personnelles (nom, pr\u00e9noms, coordonn\u00e9es t\u00e9l\u00e9phoniques, E-mail et\/ou adresse IP).<br \/>\nCes informations nous servent :<\/p>\n<ul>\n<li>A des fin statistiques (informations sur le trafic et l\u2019utilisation du site web, pages d\u2019acc\u00e8s et requ\u00eates r\u00e9f\u00e9rentes vers le site, adresses IP)<\/li>\n<li>A r\u00e9pondre \u00e0 vos demandes via les formulaires du site (nom, pr\u00e9noms, coordonn\u00e9es t\u00e9l\u00e9phoniques,E-mail et adresse IP).<\/li>\n<\/ul>\n<h4>Donn\u00e9es saisies dans des formulaires:<\/h4>\n<p>Quand vous nous contactez via un formulaire de contact du site :<\/p>\n<ul>\n<li>Votre message est transmit \u00e0 la personne en charge de votre demande (responsable technique du site, responsable du d\u00e9partement, responsable de formation ou service administratif)<br \/>\nVos donn\u00e9es (adresse e-mail, nom et pr\u00e9noms, \u00e9changes de correspondance sont archiv\u00e9es pendant la dur\u00e9e de nos \u00e9changes, et au plus pendant 3 ans)<\/li>\n<\/ul>\n<h4>Suppression de vos donn\u00e9es personnelles.<\/h4>\n<p>Vous pouvez \u00e0 tout moment demander la suppression de vos donn\u00e9es personnelles et le transfert des donn\u00e9es archiv\u00e9es sur le site en nous envoyant un mail \u00e0 <span class=\"mini-contacts email show-on-desktop hide-on-first-switch hide-on-second-switch\">contact@les5freres.com<\/span>.<\/p>\n<h3>Cookies :<\/h3>\n<p>La navigation sur notre site peut impliquer la pr\u00e9sence de cookies :<\/p>\n<ul>\n<li>Cr\u00e9\u00e9 par par notre h\u00e9bergeur (_240plan et_240planBAK) \u2013 https:\/\/www.ovh.com\/<\/li>\n<li>Cr\u00e9\u00e9 par le wordpress, notre logiciel de publication (wordpress_test_cookie) \u2013 https:\/\/wordpress.org\/<\/li>\n<\/ul>\n<p>Par ailleurs, Le site fait appel \u00e0 des services tiers,qui peuvent provoquer l\u2019installation de cookie(s) sur l\u2019ordinateur de l\u2019utilisateur.<br \/>\nUn cookie est un fichier de petite taille, qui enregistre des informations relatives \u00e0 la navigation d\u2019un ordinateur sur un site. Les donn\u00e9es ainsi obtenues visent \u00e0 conserver des informations entre deux navigation sur un site.<br \/>\nLe refus d\u2019installation d\u2019un cookie peut entra\u00eener l\u2019impossibilit\u00e9 d\u2019acc\u00e9der \u00e0 certains services. L\u2019utilisateur peut toutefois configurer son ordinateur de la mani\u00e8re suivante, pour refuser l\u2019installation des cookies :<\/p>\n<ul>\n<li>Sous Internet Explorer : onglet outil (pictogramme en forme de rouage en haut \u00e0 droite)\/options internet. Cliquez sur Confidentialit\u00e9 et choisissez Bloquer tous les cookies. Validez sur Ok.<\/li>\n<li>Sous Firefox : en haut de la fen\u00eatre du navigateur, cliquez sur le bouton Firefox, puis aller dans l\u2019onglet Options. Cliquer sur l\u2019onglet Vie priv\u00e9e. Param\u00e9trez les R\u00e8gles de conservation sur : utiliser les param\u00e8tres personnalis\u00e9s pour l\u2019historique. Enfin d\u00e9cochez-la pour d\u00e9sactiver les cookies.<\/li>\n<li>Sous Safari : Cliquez en haut \u00e0 droite du navigateur sur le pictogramme de menu (symbolis\u00e9 par un rouage). S\u00e9lectionnez Param\u00e8tres. Cliquez sur Afficher les param\u00e8tres avanc\u00e9s. Dans la section \u00ab Confidentialit\u00e9 \u00bb, cliquez sur Param\u00e8tres de contenu. Dans la section \u00ab Cookies \u00bb, vous pouvez bloquer les cookies.<\/li>\n<li>Sous Chrome : Cliquez en haut \u00e0 droite du navigateur sur le pictogramme de menu (symbolis\u00e9 par trois lignes horizontales). S\u00e9lectionnez Param\u00e8tres. Cliquez sur Afficher les param\u00e8tres avanc\u00e9s. Dans la section \u00ab Confidentialit\u00e9 \u00bb, cliquez sur pr\u00e9f\u00e9rences. Dans l\u2019onglet \u00ab Confidentialit\u00e9 \u00bb, vous pouvez bloquer les cookies.<\/li>\n<\/ul>\n<p>Certains outils tiers diffusent des publicit\u00e9s comportementales, vous pouvez utiliser <a href=\"http:\/\/www.youronlinechoices.com\/fr\/controler-ses-cookies\/\" target=\"_blank\" rel=\"noopener noreferrer\">ce service<\/a> pour voir les informations que vous partagez avec eux.<\/p>\n<h3 id=\"listesdesservicestiers\">Liste des services tiers pouvant \u00eatre utilis\u00e9s sur le site :<\/h3>\n<p>Ce site utilise des services tiers propos\u00e9s par des prestataires externes nous vous invitons \u00e0 consulter leurs politiques de collecte, d\u2019usage et traitement des donn\u00e9es:<\/p>\n<h4>Services li\u00e9s \u00e0 l\u2019h\u00e9bergement :<\/h4>\n<ul>\n<li>OVH.COM<\/li>\n<\/ul>\n<h4>Services li\u00e9s aux statistiques :<\/h4>\n<ul>\n<li>Google analytics<\/li>\n<\/ul>\n<h4>Liens externes et int\u00e9gration de donn\u00e9es :<\/h4>\n<p>Le site internet contient des liens hypertextes vers d\u2019autres sites. Cependant nous n\u2019avons pas la possibilit\u00e9 de v\u00e9rifier le contenu des sites ainsi visit\u00e9s, et n\u2019assumera en cons\u00e9quence aucune responsabilit\u00e9 de ce fait.<\/p>\n<\/div>\n<\/div>\n<\/div>\n<\/div>\n<\/div>\n<\/div>\n<\/div>\n<\/div>\n<\/div>\n<\/div>\n<\/div>\n<\/div>\n<\/div>\n<p>[\/vc_column_text][\/vc_column][\/vc_row]<\/p>\n<\/div>","protected":false},"excerpt":{"rendered":"<p>[vc_row][vc_column][vc_column_text] Qui sommes-nous ? L\u2019adresse de notre site Web est : https:\/\/www.les5freres.com \u00c9diteur Le site web est \u00e9dit\u00e9 par Val\u00e9rie Audeoud et Audrey Mattis Les 5 Fr\u00e8res Rue Nicolas Bazile 73150 Val d\u2019Is\u00e8re contact@les5freres.com +33 (0)4 79 06 00 03 H\u00e9bergeur Il est h\u00e9berg\u00e9 par : OVH 2 rue Kellermann 59100 Roubaix \u2014 France. https:\/\/www.ovh.com\/&hellip;<\/p>\n","protected":false},"author":1,"featured_media":0,"parent":0,"menu_order":-52,"comment_status":"closed","ping_status":"closed","template":"","meta":{"footnotes":""},"class_list":["post-2150","page","type-page","status-publish","hentry","description-off"],"yoast_head":"<!-- This site is optimized with the Yoast SEO plugin v25.6 - https:\/\/yoast.com\/wordpress\/plugins\/seo\/ -->\n<title>Maison de famille Les 5 Fr\u00e8res - Les mentions l\u00e9gales<\/title>\n<meta name=\"description\" content=\"Maison de famille Les 5 Fr\u00e8res - Les mentions l\u00e9gales\" \/>\n<meta name=\"robots\" content=\"noindex, nofollow\" \/>\n<meta property=\"og:locale\" content=\"en_US\" \/>\n<meta property=\"og:type\" content=\"article\" \/>\n<meta property=\"og:title\" content=\"Maison de famille Les 5 Fr\u00e8res - Les mentions l\u00e9gales\" \/>\n<meta property=\"og:description\" content=\"Maison de famille Les 5 Fr\u00e8res - Les mentions l\u00e9gales\" \/>\n<meta property=\"og:url\" content=\"https:\/\/www.les5freres.com\/en\/legal-notice\/\" \/>\n<meta property=\"og:site_name\" content=\"Maison de famille Les 5 Fr\u00e8res\" \/>\n<meta property=\"article:publisher\" content=\"https:\/\/www.facebook.com\/les5freres\/\" \/>\n<meta property=\"article:modified_time\" content=\"2019-09-19T07:51:10+00:00\" \/>\n<meta name=\"twitter:card\" content=\"summary_large_image\" \/>\n<script type=\"application\/ld+json\" class=\"yoast-schema-graph\">{\"@context\":\"https:\/\/schema.org\",\"@graph\":[{\"@type\":\"WebPage\",\"@id\":\"https:\/\/www.les5freres.com\/en\/legal-notice\/\",\"url\":\"https:\/\/www.les5freres.com\/en\/legal-notice\/\",\"name\":\"Maison de famille Les 5 Fr\u00e8res - Les mentions l\u00e9gales\",\"isPartOf\":{\"@id\":\"https:\/\/www.les5freres.com\/#website\"},\"datePublished\":\"2018-04-19T15:59:09+00:00\",\"dateModified\":\"2019-09-19T07:51:10+00:00\",\"description\":\"Maison de famille Les 5 Fr\u00e8res - Les mentions l\u00e9gales\",\"breadcrumb\":{\"@id\":\"https:\/\/www.les5freres.com\/en\/legal-notice\/#breadcrumb\"},\"inLanguage\":\"en-US\",\"potentialAction\":[{\"@type\":\"ReadAction\",\"target\":[\"https:\/\/www.les5freres.com\/en\/legal-notice\/\"]}]},{\"@type\":\"BreadcrumbList\",\"@id\":\"https:\/\/www.les5freres.com\/en\/legal-notice\/#breadcrumb\",\"itemListElement\":[{\"@type\":\"ListItem\",\"position\":1,\"name\":\"Accueil\",\"item\":\"https:\/\/www.les5freres.com\/en\/\"},{\"@type\":\"ListItem\",\"position\":2,\"name\":\"LEGAL NOTICE\"}]},{\"@type\":\"WebSite\",\"@id\":\"https:\/\/www.les5freres.com\/#website\",\"url\":\"https:\/\/www.les5freres.com\/\",\"name\":\"Maison de famille Les 5 Fr\u00e8res\",\"description\":\"\",\"publisher\":{\"@id\":\"https:\/\/www.les5freres.com\/#organization\"},\"potentialAction\":[{\"@type\":\"SearchAction\",\"target\":{\"@type\":\"EntryPoint\",\"urlTemplate\":\"https:\/\/www.les5freres.com\/?s={search_term_string}\"},\"query-input\":{\"@type\":\"PropertyValueSpecification\",\"valueRequired\":true,\"valueName\":\"search_term_string\"}}],\"inLanguage\":\"en-US\"},{\"@type\":\"Organization\",\"@id\":\"https:\/\/www.les5freres.com\/#organization\",\"name\":\"Les 5 Fr\u00e8res - Maison de famille\",\"url\":\"https:\/\/www.les5freres.com\/\",\"logo\":{\"@type\":\"ImageObject\",\"inLanguage\":\"en-US\",\"@id\":\"https:\/\/www.les5freres.com\/#\/schema\/logo\/image\/\",\"url\":\"https:\/\/www.les5freres.com\/wp-content\/uploads\/2018\/11\/Les-5-Freres-Logo.png\",\"contentUrl\":\"https:\/\/www.les5freres.com\/wp-content\/uploads\/2018\/11\/Les-5-Freres-Logo.png\",\"width\":500,\"height\":500,\"caption\":\"Les 5 Fr\u00e8res - Maison de famille\"},\"image\":{\"@id\":\"https:\/\/www.les5freres.com\/#\/schema\/logo\/image\/\"},\"sameAs\":[\"https:\/\/www.facebook.com\/les5freres\/\",\"https:\/\/www.instagram.com\/les5freres\/\"]}]}<\/script>\n<!-- \/ Yoast SEO plugin. -->","yoast_head_json":{"title":"Maison de famille Les 5 Fr\u00e8res - Les mentions l\u00e9gales","description":"Maison de famille Les 5 Fr\u00e8res - Les mentions l\u00e9gales","robots":{"index":"noindex","follow":"nofollow"},"og_locale":"en_US","og_type":"article","og_title":"Maison de famille Les 5 Fr\u00e8res - Les mentions l\u00e9gales","og_description":"Maison de famille Les 5 Fr\u00e8res - Les mentions l\u00e9gales","og_url":"https:\/\/www.les5freres.com\/en\/legal-notice\/","og_site_name":"Maison de famille Les 5 Fr\u00e8res","article_publisher":"https:\/\/www.facebook.com\/les5freres\/","article_modified_time":"2019-09-19T07:51:10+00:00","twitter_card":"summary_large_image","schema":{"@context":"https:\/\/schema.org","@graph":[{"@type":"WebPage","@id":"https:\/\/www.les5freres.com\/en\/legal-notice\/","url":"https:\/\/www.les5freres.com\/en\/legal-notice\/","name":"Maison de famille Les 5 Fr\u00e8res - Les mentions l\u00e9gales","isPartOf":{"@id":"https:\/\/www.les5freres.com\/#website"},"datePublished":"2018-04-19T15:59:09+00:00","dateModified":"2019-09-19T07:51:10+00:00","description":"Maison de famille Les 5 Fr\u00e8res - Les mentions l\u00e9gales","breadcrumb":{"@id":"https:\/\/www.les5freres.com\/en\/legal-notice\/#breadcrumb"},"inLanguage":"en-US","potentialAction":[{"@type":"ReadAction","target":["https:\/\/www.les5freres.com\/en\/legal-notice\/"]}]},{"@type":"BreadcrumbList","@id":"https:\/\/www.les5freres.com\/en\/legal-notice\/#breadcrumb","itemListElement":[{"@type":"ListItem","position":1,"name":"Accueil","item":"https:\/\/www.les5freres.com\/en\/"},{"@type":"ListItem","position":2,"name":"LEGAL NOTICE"}]},{"@type":"WebSite","@id":"https:\/\/www.les5freres.com\/#website","url":"https:\/\/www.les5freres.com\/","name":"Maison de famille Les 5 Fr\u00e8res","description":"","publisher":{"@id":"https:\/\/www.les5freres.com\/#organization"},"potentialAction":[{"@type":"SearchAction","target":{"@type":"EntryPoint","urlTemplate":"https:\/\/www.les5freres.com\/?s={search_term_string}"},"query-input":{"@type":"PropertyValueSpecification","valueRequired":true,"valueName":"search_term_string"}}],"inLanguage":"en-US"},{"@type":"Organization","@id":"https:\/\/www.les5freres.com\/#organization","name":"Les 5 Fr\u00e8res - Maison de famille","url":"https:\/\/www.les5freres.com\/","logo":{"@type":"ImageObject","inLanguage":"en-US","@id":"https:\/\/www.les5freres.com\/#\/schema\/logo\/image\/","url":"https:\/\/www.les5freres.com\/wp-content\/uploads\/2018\/11\/Les-5-Freres-Logo.png","contentUrl":"https:\/\/www.les5freres.com\/wp-content\/uploads\/2018\/11\/Les-5-Freres-Logo.png","width":500,"height":500,"caption":"Les 5 Fr\u00e8res - Maison de famille"},"image":{"@id":"https:\/\/www.les5freres.com\/#\/schema\/logo\/image\/"},"sameAs":["https:\/\/www.facebook.com\/les5freres\/","https:\/\/www.instagram.com\/les5freres\/"]}]}},"_links":{"self":[{"href":"https:\/\/www.les5freres.com\/en\/wp-json\/wp\/v2\/pages\/2150"}],"collection":[{"href":"https:\/\/www.les5freres.com\/en\/wp-json\/wp\/v2\/pages"}],"about":[{"href":"https:\/\/www.les5freres.com\/en\/wp-json\/wp\/v2\/types\/page"}],"author":[{"embeddable":true,"href":"https:\/\/www.les5freres.com\/en\/wp-json\/wp\/v2\/users\/1"}],"replies":[{"embeddable":true,"href":"https:\/\/www.les5freres.com\/en\/wp-json\/wp\/v2\/comments?post=2150"}],"version-history":[{"count":0,"href":"https:\/\/www.les5freres.com\/en\/wp-json\/wp\/v2\/pages\/2150\/revisions"}],"wp:attachment":[{"href":"https:\/\/www.les5freres.com\/en\/wp-json\/wp\/v2\/media?parent=2150"}],"curies":[{"name":"wp","href":"https:\/\/api.w.org\/{rel}","templated":true}]}}